{"id":510,"date":"2021-04-21T14:15:06","date_gmt":"2021-04-21T14:15:06","guid":{"rendered":"http:\/\/www.studiolegalemuja.com\/it\/?page_id=510"},"modified":"2021-05-05T13:44:18","modified_gmt":"2021-05-05T13:44:18","slug":"proprieta-intellettuale","status":"publish","type":"page","link":"https:\/\/www.studiolegalemuja.com\/it\/proprieta-intellettuale\/","title":{"rendered":"Propriet\u00e0 Intellettuale"},"content":{"rendered":"\t\t<div data-elementor-type=\"wp-page\" data-elementor-id=\"510\" class=\"elementor elementor-510\">\n\t\t\t\t\t\t<section class=\"elementor-section elementor-top-section elementor-element elementor-element-5f4e846 elementor-section-boxed elementor-section-height-default elementor-section-height-default\" data-id=\"5f4e846\" data-element_type=\"section\">\n\t\t\t\t\t\t<div class=\"elementor-container elementor-column-gap-default\">\n\t\t\t\t\t<div class=\"elementor-column elementor-col-100 elementor-top-column elementor-element elementor-element-41d97a6\" data-id=\"41d97a6\" data-element_type=\"column\">\n\t\t\t<div class=\"elementor-widget-wrap elementor-element-populated\">\n\t\t\t\t\t\t<div class=\"elementor-element elementor-element-2bc3d46 elementor-widget elementor-widget-shortcode\" data-id=\"2bc3d46\" data-element_type=\"widget\" data-widget_type=\"shortcode.default\">\n\t\t\t\t<div class=\"elementor-widget-container\">\n\t\t\t\t\t\t\t<div class=\"elementor-shortcode\">\n<\/div>\n\t\t\t\t\t\t<\/div>\n\t\t\t\t<\/div>\n\t\t\t\t\t<\/div>\n\t\t<\/div>\n\t\t\t\t\t<\/div>\n\t\t<\/section>\n\t\t\t\t<section class=\"elementor-section elementor-top-section elementor-element elementor-element-e895319 elementor-section-boxed elementor-section-height-default elementor-section-height-default\" data-id=\"e895319\" data-element_type=\"section\">\n\t\t\t\t\t\t<div class=\"elementor-container elementor-column-gap-default\">\n\t\t\t\t\t<div class=\"elementor-column elementor-col-100 elementor-top-column elementor-element elementor-element-7059e26\" data-id=\"7059e26\" data-element_type=\"column\">\n\t\t\t<div class=\"elementor-widget-wrap elementor-element-populated\">\n\t\t\t\t\t\t<div class=\"elementor-element elementor-element-29c8b56 elementor-widget elementor-widget-spacer\" data-id=\"29c8b56\" data-element_type=\"widget\" data-widget_type=\"spacer.default\">\n\t\t\t\t<div class=\"elementor-widget-container\">\n\t\t\t\t\t\t\t<div class=\"elementor-spacer\">\n\t\t\t<div class=\"elementor-spacer-inner\"><\/div>\n\t\t<\/div>\n\t\t\t\t\t\t<\/div>\n\t\t\t\t<\/div>\n\t\t\t\t\t<\/div>\n\t\t<\/div>\n\t\t\t\t\t<\/div>\n\t\t<\/section>\n\t\t\t\t<section class=\"elementor-section elementor-top-section elementor-element elementor-element-c142d0f elementor-section-boxed elementor-section-height-default elementor-section-height-default\" data-id=\"c142d0f\" data-element_type=\"section\">\n\t\t\t\t\t\t<div class=\"elementor-container elementor-column-gap-default\">\n\t\t\t\t\t<div class=\"elementor-column elementor-col-50 elementor-top-column elementor-element elementor-element-2dbcbfe\" data-id=\"2dbcbfe\" data-element_type=\"column\">\n\t\t\t<div class=\"elementor-widget-wrap elementor-element-populated\">\n\t\t\t\t\t\t<div class=\"elementor-element elementor-element-37023b6 elementor-widget elementor-widget-text-editor\" data-id=\"37023b6\" data-element_type=\"widget\" data-widget_type=\"text-editor.default\">\n\t\t\t\t<div class=\"elementor-widget-container\">\n\t\t\t\t\t\t\t\t\t<p>Legal Studio \u201cMuja &amp; Associati\u201d offre il suo servizio per controversie tra marchi e nomi di dominio, modelli, brevetti, know-how, segreti commerciali, copyright, indicatori geografici, design industriali, concorrenza sleale, copyright e pubblicit\u00e0 fraudolenta e comparata sia a livello giudiziario che stragiudiziale, proteggendo i loro diritti morali e di propriet\u00e0.<\/p><p>Lo Studio assiste i propri clienti in qualsiasi controversia in materia di propriet\u00e0 intellettuale (dinanzi alle competenti autorit\u00e0 amministrative e giudiziarie nazionali, europee e internazionali), concorrenza sleale, protezione dei dati personali, pubblicit\u00e0 fraudolenta e comparativa (dinanzi al potere giudiziario ordinario, autorit\u00e0 garante della concorrenza e mercato e la giuria di autoregolazione della pubblicit\u00e0).<\/p><p>L\u2019attivit\u00e0 nel campo della protezione del marchio \u00e8 anche associata a quella realizzata nel settore della concorrenza sul mercato, e soprattutto nei settori della concorrenza sleale e della disciplina antitrust, in relazione alla protezione dei marchi aziendali.<\/p>\t\t\t\t\t\t\t\t<\/div>\n\t\t\t\t<\/div>\n\t\t\t\t\t<\/div>\n\t\t<\/div>\n\t\t\t\t<div class=\"elementor-column elementor-col-50 elementor-top-column elementor-element elementor-element-3a1c126\" data-id=\"3a1c126\" data-element_type=\"column\" data-settings=\"{&quot;background_background&quot;:&quot;classic&quot;}\">\n\t\t\t<div class=\"elementor-widget-wrap elementor-element-populated\">\n\t\t\t\t\t\t<div class=\"elementor-element elementor-element-000e000 elementor-widget elementor-widget-spacer\" data-id=\"000e000\" data-element_type=\"widget\" data-widget_type=\"spacer.default\">\n\t\t\t\t<div class=\"elementor-widget-container\">\n\t\t\t\t\t\t\t<div class=\"elementor-spacer\">\n\t\t\t<div class=\"elementor-spacer-inner\"><\/div>\n\t\t<\/div>\n\t\t\t\t\t\t<\/div>\n\t\t\t\t<\/div>\n\t\t\t\t\t<\/div>\n\t\t<\/div>\n\t\t\t\t\t<\/div>\n\t\t<\/section>\n\t\t\t\t<section class=\"elementor-section elementor-top-section elementor-element elementor-element-0cc8211 elementor-section-boxed elementor-section-height-default elementor-section-height-default\" data-id=\"0cc8211\" data-element_type=\"section\">\n\t\t\t\t\t\t<div class=\"elementor-container elementor-column-gap-default\">\n\t\t\t\t\t<div class=\"elementor-column elementor-col-100 elementor-top-column elementor-element elementor-element-e9171a9\" data-id=\"e9171a9\" data-element_type=\"column\">\n\t\t\t<div class=\"elementor-widget-wrap elementor-element-populated\">\n\t\t\t\t\t\t<div class=\"elementor-element elementor-element-c3fc024 elementor-widget elementor-widget-spacer\" data-id=\"c3fc024\" data-element_type=\"widget\" data-widget_type=\"spacer.default\">\n\t\t\t\t<div class=\"elementor-widget-container\">\n\t\t\t\t\t\t\t<div class=\"elementor-spacer\">\n\t\t\t<div class=\"elementor-spacer-inner\"><\/div>\n\t\t<\/div>\n\t\t\t\t\t\t<\/div>\n\t\t\t\t<\/div>\n\t\t\t\t\t<\/div>\n\t\t<\/div>\n\t\t\t\t\t<\/div>\n\t\t<\/section>\n\t\t\t\t<section class=\"elementor-section elementor-top-section elementor-element elementor-element-d846df6 elementor-section-full_width elementor-section-height-default elementor-section-height-default\" data-id=\"d846df6\" data-element_type=\"section\">\n\t\t\t\t\t\t<div class=\"elementor-container elementor-column-gap-default\">\n\t\t\t\t\t<div class=\"elementor-column elementor-col-100 elementor-top-column elementor-element elementor-element-04aa2e4\" data-id=\"04aa2e4\" data-element_type=\"column\">\n\t\t\t<div class=\"elementor-widget-wrap elementor-element-populated\">\n\t\t\t\t\t\t<div class=\"elementor-element elementor-element-e409867 elementor-widget elementor-widget-google_maps\" data-id=\"e409867\" data-element_type=\"widget\" data-widget_type=\"google_maps.default\">\n\t\t\t\t<div class=\"elementor-widget-container\">\n\t\t\t\t\t\t\t<div class=\"elementor-custom-embed\">\n\t\t\t<iframe loading=\"lazy\"\n\t\t\t\t\tsrc=\"https:\/\/maps.google.com\/maps?q=Studio%20Legale%20%22MUJA%20%26%20Associati%22&#038;t=m&#038;z=15&#038;output=embed&#038;iwloc=near\"\n\t\t\t\t\ttitle=\"Studio Legale &quot;MUJA &amp; Associati&quot;\"\n\t\t\t\t\taria-label=\"Studio Legale &quot;MUJA &amp; Associati&quot;\"\n\t\t\t><\/iframe>\n\t\t<\/div>\n\t\t\t\t\t\t<\/div>\n\t\t\t\t<\/div>\n\t\t\t\t\t<\/div>\n\t\t<\/div>\n\t\t\t\t\t<\/div>\n\t\t<\/section>\n\t\t\t\t<section class=\"elementor-section elementor-top-section elementor-element elementor-element-d32b7a5 elementor-section-boxed elementor-section-height-default elementor-section-height-default\" data-id=\"d32b7a5\" data-element_type=\"section\" data-settings=\"{&quot;background_background&quot;:&quot;classic&quot;}\">\n\t\t\t\t\t\t<div class=\"elementor-container elementor-column-gap-default\">\n\t\t\t\t\t<div class=\"elementor-column elementor-col-100 elementor-top-column elementor-element elementor-element-96a051d\" data-id=\"96a051d\" data-element_type=\"column\">\n\t\t\t<div class=\"elementor-widget-wrap elementor-element-populated\">\n\t\t\t\t\t\t<div class=\"elementor-element elementor-element-fb406d7 elementor-widget elementor-widget-spacer\" data-id=\"fb406d7\" data-element_type=\"widget\" data-widget_type=\"spacer.default\">\n\t\t\t\t<div class=\"elementor-widget-container\">\n\t\t\t\t\t\t\t<div class=\"elementor-spacer\">\n\t\t\t<div class=\"elementor-spacer-inner\"><\/div>\n\t\t<\/div>\n\t\t\t\t\t\t<\/div>\n\t\t\t\t<\/div>\n\t\t\t\t<div class=\"elementor-element elementor-element-06965dd elementor-icon-list--layout-inline elementor-align-center elementor-list-item-link-full_width elementor-widget elementor-widget-icon-list\" data-id=\"06965dd\" data-element_type=\"widget\" data-widget_type=\"icon-list.default\">\n\t\t\t\t<div class=\"elementor-widget-container\">\n\t\t\t\t\t\t\t<ul class=\"elementor-icon-list-items elementor-inline-items\">\n\t\t\t\t\t\t\t<li class=\"elementor-icon-list-item elementor-inline-item\">\n\t\t\t\t\t\t\t\t\t\t\t<a href=\"tel:(+355)%2067%20408%201822\">\n\n\t\t\t\t\t\t\t\t\t\t\t\t<span class=\"elementor-icon-list-icon\">\n\t\t\t\t\t\t\t<i aria-hidden=\"true\" class=\"fas fa-mobile-alt\"><\/i>\t\t\t\t\t\t<\/span>\n\t\t\t\t\t\t\t\t\t\t<span class=\"elementor-icon-list-text\">(+355) 67 408 1822<\/span>\n\t\t\t\t\t\t\t\t\t\t\t<\/a>\n\t\t\t\t\t\t\t\t\t<\/li>\n\t\t\t\t\t\t\t\t<li class=\"elementor-icon-list-item elementor-inline-item\">\n\t\t\t\t\t\t\t\t\t\t\t<a href=\"tel:(+355)%204%20452%203032\">\n\n\t\t\t\t\t\t\t\t\t\t\t\t<span class=\"elementor-icon-list-icon\">\n\t\t\t\t\t\t\t<i aria-hidden=\"true\" class=\"fas fa-phone-alt\"><\/i>\t\t\t\t\t\t<\/span>\n\t\t\t\t\t\t\t\t\t\t<span class=\"elementor-icon-list-text\">(+355) 4 452 3032<\/span>\n\t\t\t\t\t\t\t\t\t\t\t<\/a>\n\t\t\t\t\t\t\t\t\t<\/li>\n\t\t\t\t\t\t\t\t<li class=\"elementor-icon-list-item elementor-inline-item\">\n\t\t\t\t\t\t\t\t\t\t\t<a href=\"mailto:info@studiolegalemuja.com\">\n\n\t\t\t\t\t\t\t\t\t\t\t\t<span class=\"elementor-icon-list-icon\">\n\t\t\t\t\t\t\t<i aria-hidden=\"true\" class=\"fas fa-mail-bulk\"><\/i>\t\t\t\t\t\t<\/span>\n\t\t\t\t\t\t\t\t\t\t<span class=\"elementor-icon-list-text\">info@studiolegalemuja.com<\/span>\n\t\t\t\t\t\t\t\t\t\t\t<\/a>\n\t\t\t\t\t\t\t\t\t<\/li>\n\t\t\t\t\t\t<\/ul>\n\t\t\t\t\t\t<\/div>\n\t\t\t\t<\/div>\n\t\t\t\t<div class=\"elementor-element elementor-element-c7c3b59 elementor-widget elementor-widget-spacer\" data-id=\"c7c3b59\" data-element_type=\"widget\" data-widget_type=\"spacer.default\">\n\t\t\t\t<div class=\"elementor-widget-container\">\n\t\t\t\t\t\t\t<div class=\"elementor-spacer\">\n\t\t\t<div class=\"elementor-spacer-inner\"><\/div>\n\t\t<\/div>\n\t\t\t\t\t\t<\/div>\n\t\t\t\t<\/div>\n\t\t\t\t<div class=\"elementor-element elementor-element-13fc6a4 elementor-widget elementor-widget-heading\" data-id=\"13fc6a4\" data-element_type=\"widget\" data-widget_type=\"heading.default\">\n\t\t\t\t<div class=\"elementor-widget-container\">\n\t\t\t\t\t<h2 class=\"elementor-heading-title elementor-size-default\">Seguaci su<\/h2>\t\t\t\t<\/div>\n\t\t\t\t<\/div>\n\t\t\t\t<div class=\"elementor-element elementor-element-67e3536 elementor-shape-rounded elementor-grid-0 e-grid-align-center elementor-widget elementor-widget-social-icons\" data-id=\"67e3536\" data-element_type=\"widget\" data-widget_type=\"social-icons.default\">\n\t\t\t\t<div class=\"elementor-widget-container\">\n\t\t\t\t\t\t\t<div class=\"elementor-social-icons-wrapper elementor-grid\">\n\t\t\t\t\t\t\t<span class=\"elementor-grid-item\">\n\t\t\t\t\t<a class=\"elementor-icon elementor-social-icon elementor-social-icon-facebook elementor-repeater-item-9ea263a\" href=\"https:\/\/www.facebook.com\/MujaAssociati\" target=\"_blank\">\n\t\t\t\t\t\t<span class=\"elementor-screen-only\">Facebook<\/span>\n\t\t\t\t\t\t<i class=\"fab fa-facebook\"><\/i>\t\t\t\t\t<\/a>\n\t\t\t\t<\/span>\n\t\t\t\t\t\t\t<span class=\"elementor-grid-item\">\n\t\t\t\t\t<a class=\"elementor-icon elementor-social-icon elementor-social-icon-linkedin elementor-repeater-item-d7a8bbb\" href=\"https:\/\/al.linkedin.com\/in\/av-ervin-muja-02910b82\" target=\"_blank\">\n\t\t\t\t\t\t<span class=\"elementor-screen-only\">Linkedin<\/span>\n\t\t\t\t\t\t<i class=\"fab fa-linkedin\"><\/i>\t\t\t\t\t<\/a>\n\t\t\t\t<\/span>\n\t\t\t\t\t\t\t<span class=\"elementor-grid-item\">\n\t\t\t\t\t<a class=\"elementor-icon elementor-social-icon elementor-social-icon-instagram elementor-repeater-item-4b51480\" href=\"https:\/\/www.instagram.com\/av_ervin_muja\/\" target=\"_blank\">\n\t\t\t\t\t\t<span class=\"elementor-screen-only\">Instagram<\/span>\n\t\t\t\t\t\t<i class=\"fab fa-instagram\"><\/i>\t\t\t\t\t<\/a>\n\t\t\t\t<\/span>\n\t\t\t\t\t<\/div>\n\t\t\t\t\t\t<\/div>\n\t\t\t\t<\/div>\n\t\t\t\t\t<\/div>\n\t\t<\/div>\n\t\t\t\t\t<\/div>\n\t\t<\/section>\n\t\t\t\t<\/div>\n\t\t","protected":false},"excerpt":{"rendered":"<p>Legal Studio \u201cMuja &amp; Associati\u201d offre il suo servizio per controversie tra marchi e nomi di dominio, modelli, brevetti, know-how, segreti commerciali, copyright, indicatori geografici, design industriali, concorrenza sleale, copyright e pubblicit\u00e0 fraudolenta e comparata sia a livello giudiziario che stragiudiziale, proteggendo i loro diritti morali e di propriet\u00e0. Lo Studio assiste i propri clienti [&hellip;]<\/p>\n","protected":false},"author":1,"featured_media":0,"parent":0,"menu_order":0,"comment_status":"closed","ping_status":"closed","template":"elementor_header_footer","meta":{"footnotes":""},"class_list":["post-510","page","type-page","status-publish","hentry"],"yoast_head":"<!-- This site is optimized with the Yoast SEO plugin v24.8.1 - https:\/\/yoast.com\/wordpress\/plugins\/seo\/ -->\n<title>Propriet\u00e0 Intellettuale - STUDIO LEGALE \u201cMUJA &amp; ASSOCIATI\u201d<\/title>\n<meta name=\"robots\" content=\"index, follow, max-snippet:-1, max-image-preview:large, max-video-preview:-1\" \/>\n<link rel=\"canonical\" href=\"https:\/\/www.studiolegalemuja.com\/it\/proprieta-intellettuale\/\" \/>\n<meta property=\"og:locale\" content=\"en_US\" \/>\n<meta property=\"og:type\" content=\"article\" \/>\n<meta property=\"og:title\" content=\"Propriet\u00e0 Intellettuale - STUDIO LEGALE \u201cMUJA &amp; ASSOCIATI\u201d\" \/>\n<meta property=\"og:description\" content=\"Legal Studio \u201cMuja &amp; Associati\u201d offre il suo servizio per controversie tra marchi e nomi di dominio, modelli, brevetti, know-how, segreti commerciali, copyright, indicatori geografici, design industriali, concorrenza sleale, copyright e pubblicit\u00e0 fraudolenta e comparata sia a livello giudiziario che stragiudiziale, proteggendo i loro diritti morali e di propriet\u00e0. Lo Studio assiste i propri clienti [&hellip;]\" \/>\n<meta property=\"og:url\" content=\"https:\/\/www.studiolegalemuja.com\/it\/proprieta-intellettuale\/\" \/>\n<meta property=\"og:site_name\" content=\"STUDIO LEGALE \u201cMUJA &amp; ASSOCIATI\u201d\" \/>\n<meta property=\"article:modified_time\" content=\"2021-05-05T13:44:18+00:00\" \/>\n<meta name=\"twitter:card\" content=\"summary_large_image\" \/>\n<meta name=\"twitter:label1\" content=\"Est. reading time\" \/>\n\t<meta name=\"twitter:data1\" content=\"1 minute\" \/>\n<script type=\"application\/ld+json\" class=\"yoast-schema-graph\">{\"@context\":\"https:\/\/schema.org\",\"@graph\":[{\"@type\":\"WebPage\",\"@id\":\"https:\/\/www.studiolegalemuja.com\/it\/proprieta-intellettuale\/\",\"url\":\"https:\/\/www.studiolegalemuja.com\/it\/proprieta-intellettuale\/\",\"name\":\"Propriet\u00e0 Intellettuale - STUDIO LEGALE \u201cMUJA &amp; ASSOCIATI\u201d\",\"isPartOf\":{\"@id\":\"https:\/\/www.studiolegalemuja.com\/it\/#website\"},\"datePublished\":\"2021-04-21T14:15:06+00:00\",\"dateModified\":\"2021-05-05T13:44:18+00:00\",\"breadcrumb\":{\"@id\":\"https:\/\/www.studiolegalemuja.com\/it\/proprieta-intellettuale\/#breadcrumb\"},\"inLanguage\":\"en-US\",\"potentialAction\":[{\"@type\":\"ReadAction\",\"target\":[\"https:\/\/www.studiolegalemuja.com\/it\/proprieta-intellettuale\/\"]}]},{\"@type\":\"BreadcrumbList\",\"@id\":\"https:\/\/www.studiolegalemuja.com\/it\/proprieta-intellettuale\/#breadcrumb\",\"itemListElement\":[{\"@type\":\"ListItem\",\"position\":1,\"name\":\"Home\",\"item\":\"https:\/\/www.studiolegalemuja.com\/it\/\"},{\"@type\":\"ListItem\",\"position\":2,\"name\":\"Propriet\u00e0 Intellettuale\"}]},{\"@type\":\"WebSite\",\"@id\":\"https:\/\/www.studiolegalemuja.com\/it\/#website\",\"url\":\"https:\/\/www.studiolegalemuja.com\/it\/\",\"name\":\"STUDIO LEGALE \u201cMUJA &amp; ASSOCIATI\u201d\",\"description\":\"STUDIO LEGALE \u201cMUJA &amp; ASSOCIATI\u201d\",\"publisher\":{\"@id\":\"https:\/\/www.studiolegalemuja.com\/it\/#organization\"},\"potentialAction\":[{\"@type\":\"SearchAction\",\"target\":{\"@type\":\"EntryPoint\",\"urlTemplate\":\"https:\/\/www.studiolegalemuja.com\/it\/?s={search_term_string}\"},\"query-input\":{\"@type\":\"PropertyValueSpecification\",\"valueRequired\":true,\"valueName\":\"search_term_string\"}}],\"inLanguage\":\"en-US\"},{\"@type\":\"Organization\",\"@id\":\"https:\/\/www.studiolegalemuja.com\/it\/#organization\",\"name\":\"STUDIO LEGALE \u201cMUJA &amp; ASSOCIATI\u201d\",\"url\":\"https:\/\/www.studiolegalemuja.com\/it\/\",\"logo\":{\"@type\":\"ImageObject\",\"inLanguage\":\"en-US\",\"@id\":\"https:\/\/www.studiolegalemuja.com\/it\/#\/schema\/logo\/image\/\",\"url\":\"https:\/\/www.studiolegalemuja.com\/it\/wp-content\/uploads\/sites\/3\/2021\/04\/cropped-mujaandassociati-logo.png\",\"contentUrl\":\"https:\/\/www.studiolegalemuja.com\/it\/wp-content\/uploads\/sites\/3\/2021\/04\/cropped-mujaandassociati-logo.png\",\"width\":271,\"height\":250,\"caption\":\"STUDIO LEGALE \u201cMUJA &amp; ASSOCIATI\u201d\"},\"image\":{\"@id\":\"https:\/\/www.studiolegalemuja.com\/it\/#\/schema\/logo\/image\/\"}}]}<\/script>\n<!-- \/ Yoast SEO plugin. -->","yoast_head_json":{"title":"Propriet\u00e0 Intellettuale - STUDIO LEGALE \u201cMUJA &amp; ASSOCIATI\u201d","robots":{"index":"index","follow":"follow","max-snippet":"max-snippet:-1","max-image-preview":"max-image-preview:large","max-video-preview":"max-video-preview:-1"},"canonical":"https:\/\/www.studiolegalemuja.com\/it\/proprieta-intellettuale\/","og_locale":"en_US","og_type":"article","og_title":"Propriet\u00e0 Intellettuale - STUDIO LEGALE \u201cMUJA &amp; ASSOCIATI\u201d","og_description":"Legal Studio \u201cMuja &amp; Associati\u201d offre il suo servizio per controversie tra marchi e nomi di dominio, modelli, brevetti, know-how, segreti commerciali, copyright, indicatori geografici, design industriali, concorrenza sleale, copyright e pubblicit\u00e0 fraudolenta e comparata sia a livello giudiziario che stragiudiziale, proteggendo i loro diritti morali e di propriet\u00e0. Lo Studio assiste i propri clienti [&hellip;]","og_url":"https:\/\/www.studiolegalemuja.com\/it\/proprieta-intellettuale\/","og_site_name":"STUDIO LEGALE \u201cMUJA &amp; ASSOCIATI\u201d","article_modified_time":"2021-05-05T13:44:18+00:00","twitter_card":"summary_large_image","twitter_misc":{"Est. reading time":"1 minute"},"schema":{"@context":"https:\/\/schema.org","@graph":[{"@type":"WebPage","@id":"https:\/\/www.studiolegalemuja.com\/it\/proprieta-intellettuale\/","url":"https:\/\/www.studiolegalemuja.com\/it\/proprieta-intellettuale\/","name":"Propriet\u00e0 Intellettuale - STUDIO LEGALE \u201cMUJA &amp; ASSOCIATI\u201d","isPartOf":{"@id":"https:\/\/www.studiolegalemuja.com\/it\/#website"},"datePublished":"2021-04-21T14:15:06+00:00","dateModified":"2021-05-05T13:44:18+00:00","breadcrumb":{"@id":"https:\/\/www.studiolegalemuja.com\/it\/proprieta-intellettuale\/#breadcrumb"},"inLanguage":"en-US","potentialAction":[{"@type":"ReadAction","target":["https:\/\/www.studiolegalemuja.com\/it\/proprieta-intellettuale\/"]}]},{"@type":"BreadcrumbList","@id":"https:\/\/www.studiolegalemuja.com\/it\/proprieta-intellettuale\/#breadcrumb","itemListElement":[{"@type":"ListItem","position":1,"name":"Home","item":"https:\/\/www.studiolegalemuja.com\/it\/"},{"@type":"ListItem","position":2,"name":"Propriet\u00e0 Intellettuale"}]},{"@type":"WebSite","@id":"https:\/\/www.studiolegalemuja.com\/it\/#website","url":"https:\/\/www.studiolegalemuja.com\/it\/","name":"STUDIO LEGALE \u201cMUJA &amp; ASSOCIATI\u201d","description":"STUDIO LEGALE \u201cMUJA &amp; ASSOCIATI\u201d","publisher":{"@id":"https:\/\/www.studiolegalemuja.com\/it\/#organization"},"potentialAction":[{"@type":"SearchAction","target":{"@type":"EntryPoint","urlTemplate":"https:\/\/www.studiolegalemuja.com\/it\/?s={search_term_string}"},"query-input":{"@type":"PropertyValueSpecification","valueRequired":true,"valueName":"search_term_string"}}],"inLanguage":"en-US"},{"@type":"Organization","@id":"https:\/\/www.studiolegalemuja.com\/it\/#organization","name":"STUDIO LEGALE \u201cMUJA &amp; ASSOCIATI\u201d","url":"https:\/\/www.studiolegalemuja.com\/it\/","logo":{"@type":"ImageObject","inLanguage":"en-US","@id":"https:\/\/www.studiolegalemuja.com\/it\/#\/schema\/logo\/image\/","url":"https:\/\/www.studiolegalemuja.com\/it\/wp-content\/uploads\/sites\/3\/2021\/04\/cropped-mujaandassociati-logo.png","contentUrl":"https:\/\/www.studiolegalemuja.com\/it\/wp-content\/uploads\/sites\/3\/2021\/04\/cropped-mujaandassociati-logo.png","width":271,"height":250,"caption":"STUDIO LEGALE \u201cMUJA &amp; ASSOCIATI\u201d"},"image":{"@id":"https:\/\/www.studiolegalemuja.com\/it\/#\/schema\/logo\/image\/"}}]}},"_links":{"self":[{"href":"https:\/\/www.studiolegalemuja.com\/it\/wp-json\/wp\/v2\/pages\/510","targetHints":{"allow":["GET"]}}],"collection":[{"href":"https:\/\/www.studiolegalemuja.com\/it\/wp-json\/wp\/v2\/pages"}],"about":[{"href":"https:\/\/www.studiolegalemuja.com\/it\/wp-json\/wp\/v2\/types\/page"}],"author":[{"embeddable":true,"href":"https:\/\/www.studiolegalemuja.com\/it\/wp-json\/wp\/v2\/users\/1"}],"replies":[{"embeddable":true,"href":"https:\/\/www.studiolegalemuja.com\/it\/wp-json\/wp\/v2\/comments?post=510"}],"version-history":[{"count":22,"href":"https:\/\/www.studiolegalemuja.com\/it\/wp-json\/wp\/v2\/pages\/510\/revisions"}],"predecessor-version":[{"id":899,"href":"https:\/\/www.studiolegalemuja.com\/it\/wp-json\/wp\/v2\/pages\/510\/revisions\/899"}],"wp:attachment":[{"href":"https:\/\/www.studiolegalemuja.com\/it\/wp-json\/wp\/v2\/media?parent=510"}],"curies":[{"name":"wp","href":"https:\/\/api.w.org\/{rel}","templated":true}]}}