{"id":497,"date":"2021-04-21T13:23:09","date_gmt":"2021-04-21T13:23:09","guid":{"rendered":"http:\/\/www.studiolegalemuja.com\/sq\/?page_id=497"},"modified":"2021-05-05T13:23:50","modified_gmt":"2021-05-05T13:23:50","slug":"shperblim-demi","status":"publish","type":"page","link":"https:\/\/www.studiolegalemuja.com\/sq\/shperblim-demi\/","title":{"rendered":"Shp\u00ebrblim D\u00ebmi"},"content":{"rendered":"\t\t<div data-elementor-type=\"wp-page\" data-elementor-id=\"497\" class=\"elementor elementor-497\">\n\t\t\t\t\t\t<section class=\"elementor-section elementor-top-section elementor-element elementor-element-5f4e846 elementor-section-boxed elementor-section-height-default elementor-section-height-default\" data-id=\"5f4e846\" data-element_type=\"section\">\n\t\t\t\t\t\t<div class=\"elementor-container elementor-column-gap-default\">\n\t\t\t\t\t<div class=\"elementor-column elementor-col-100 elementor-top-column elementor-element elementor-element-41d97a6\" data-id=\"41d97a6\" data-element_type=\"column\">\n\t\t\t<div class=\"elementor-widget-wrap elementor-element-populated\">\n\t\t\t\t\t\t<div class=\"elementor-element elementor-element-2bc3d46 elementor-widget elementor-widget-shortcode\" data-id=\"2bc3d46\" data-element_type=\"widget\" data-widget_type=\"shortcode.default\">\n\t\t\t\t<div class=\"elementor-widget-container\">\n\t\t\t\t\t\t\t<div class=\"elementor-shortcode\">\n<\/div>\n\t\t\t\t\t\t<\/div>\n\t\t\t\t<\/div>\n\t\t\t\t\t<\/div>\n\t\t<\/div>\n\t\t\t\t\t<\/div>\n\t\t<\/section>\n\t\t\t\t<section class=\"elementor-section elementor-top-section elementor-element elementor-element-4dff2b6 elementor-section-boxed elementor-section-height-default elementor-section-height-default\" data-id=\"4dff2b6\" data-element_type=\"section\">\n\t\t\t\t\t\t<div class=\"elementor-container elementor-column-gap-default\">\n\t\t\t\t\t<div class=\"elementor-column elementor-col-100 elementor-top-column elementor-element elementor-element-a03f397\" data-id=\"a03f397\" data-element_type=\"column\">\n\t\t\t<div class=\"elementor-widget-wrap elementor-element-populated\">\n\t\t\t\t\t\t<div class=\"elementor-element elementor-element-f7e6fa3 elementor-widget elementor-widget-spacer\" data-id=\"f7e6fa3\" data-element_type=\"widget\" data-widget_type=\"spacer.default\">\n\t\t\t\t<div class=\"elementor-widget-container\">\n\t\t\t\t\t\t\t<div class=\"elementor-spacer\">\n\t\t\t<div class=\"elementor-spacer-inner\"><\/div>\n\t\t<\/div>\n\t\t\t\t\t\t<\/div>\n\t\t\t\t<\/div>\n\t\t\t\t\t<\/div>\n\t\t<\/div>\n\t\t\t\t\t<\/div>\n\t\t<\/section>\n\t\t\t\t<section class=\"elementor-section elementor-top-section elementor-element elementor-element-c142d0f elementor-section-boxed elementor-section-height-default elementor-section-height-default\" data-id=\"c142d0f\" data-element_type=\"section\">\n\t\t\t\t\t\t<div class=\"elementor-container elementor-column-gap-default\">\n\t\t\t\t\t<div class=\"elementor-column elementor-col-50 elementor-top-column elementor-element elementor-element-2dbcbfe\" data-id=\"2dbcbfe\" data-element_type=\"column\">\n\t\t\t<div class=\"elementor-widget-wrap elementor-element-populated\">\n\t\t\t\t\t\t<div class=\"elementor-element elementor-element-37023b6 elementor-widget elementor-widget-text-editor\" data-id=\"37023b6\" data-element_type=\"widget\" data-widget_type=\"text-editor.default\">\n\t\t\t\t<div class=\"elementor-widget-container\">\n\t\t\t\t\t\t\t\t\t<p>Shp\u00ebrblime d\u00ebmi kontraktor e jasht\u00eb kontraktor.<\/p><p>\u201cMuja&amp; Associati\u201d ofron sh\u00ebrbimet e saja ligjore n\u00eb kontratat e sigurimeve komb\u00ebtare dhe nd\u00ebrkomb\u00ebtare, mbi \u00e7\u00ebshtjet gjyq\u00ebsore Brenda dhe jasht\u00eb Shqip\u00ebris\u00eb (n\u00eb ve\u00e7anti p\u00ebr sigurimin e p\u00ebrgjegj\u00ebsis\u00eb motorike, p\u00ebrgjegj\u00ebsin\u00eb civile profesionale dhe p\u00ebrgjegj\u00ebsit\u00eb q\u00eb rrjedhin nga produktet), duke ofruar gam\u00eb t\u00eb gj\u00ebr\u00eb sh\u00ebrbime p\u00ebr d\u00ebmet kontraktore dhe jasht\u00eb kontraktore t\u00eb ardhur individ\u00ebve<br \/>\u2013 D\u00ebmet pasurore e jopasurore t\u00eb ardhura nga aksidentet automobilistike dhe ajrore (brenda dhe jasht\u00eb Shqip\u00ebris\u00eb);<br \/>\u2013 D\u00ebmet pasurore e jopasurore t\u00eb ardhura nga aksidentet n\u00eb pun\u00eb;<br \/>\u2013 D\u00ebmet pasurore e jopasurore t\u00eb ardhura nga mjekimi i pakujdessh\u00ebm;<br \/>\u2013 D\u00ebmet pasurore e jopasurore t\u00eb ardhura nga diskriminimi;<br \/>\u2013 Shp\u00ebrblim d\u00ebmi p\u00ebr burgim t\u00eb padrejt\u00eb;<br \/>\u2013 D\u00ebmet pasurore e jopasurore t\u00eb shkaktuara nga produketet e konsumit;<br \/>\u2013 D\u00ebmet pasurore e jopasurore t\u00eb shkaktuara nga ofrimi i sh\u00ebrbimit n\u00eb m\u00ebnyr\u00eb t\u00eb pakujdessh\u00ebm;<br \/>\u2013 Shp\u00ebrblim d\u00ebmi pasuror si pasoj\u00eb e shkeljes s\u00eb afatit t\u00eb arsyesh\u00ebm t\u00eb gjykimit t\u00eb \u00e7\u00ebshtjes nga Gjykatat;<br \/>\u2013 D\u00ebmet pasurore e jopasurore t\u00eb ardhura nga publikimet mashtruese n\u00eb lidhje me personin;<br \/>\u2013 D\u00ebmet pasurore e jopasurore t\u00eb ardhura nga publikimet mashtruese n\u00eb lidhje me produktin;<br \/>\u2013 D\u00ebmet pasurore e jopasurore t\u00eb ardhura nga konkurrenca e pandershme;<br \/>\u2013 D\u00ebmet pasurore e jopasurore t\u00eb ardhura nga p\u00ebrdorimi i padrejt\u00eb i mark\u00ebs apo falsifikimi i saj;<br \/>\u2013 D\u00ebmet pasurore e jopasurore t\u00eb ardhura nga ushtrimi i veprimtarive t\u00eb rrezikshme;<br \/>\u2013 D\u00ebmi jopasurore ardhur nga c\u00ebnimi i nderit, personalitetit ose reputacioni i tij, nga c\u00ebnimi i t\u00eb drejt\u00ebs s\u00eb emrit dhe c\u00ebnimi i respektimit t\u00eb jet\u00ebs private;<\/p>\t\t\t\t\t\t\t\t<\/div>\n\t\t\t\t<\/div>\n\t\t\t\t\t<\/div>\n\t\t<\/div>\n\t\t\t\t<div class=\"elementor-column elementor-col-50 elementor-top-column elementor-element elementor-element-b296847\" data-id=\"b296847\" data-element_type=\"column\" data-settings=\"{&quot;background_background&quot;:&quot;classic&quot;}\">\n\t\t\t<div class=\"elementor-widget-wrap elementor-element-populated\">\n\t\t\t\t\t\t<div class=\"elementor-element elementor-element-c32ab8e elementor-widget elementor-widget-spacer\" data-id=\"c32ab8e\" data-element_type=\"widget\" data-widget_type=\"spacer.default\">\n\t\t\t\t<div class=\"elementor-widget-container\">\n\t\t\t\t\t\t\t<div class=\"elementor-spacer\">\n\t\t\t<div class=\"elementor-spacer-inner\"><\/div>\n\t\t<\/div>\n\t\t\t\t\t\t<\/div>\n\t\t\t\t<\/div>\n\t\t\t\t\t<\/div>\n\t\t<\/div>\n\t\t\t\t\t<\/div>\n\t\t<\/section>\n\t\t\t\t<section class=\"elementor-section elementor-top-section elementor-element elementor-element-7ec3c62 elementor-section-boxed elementor-section-height-default elementor-section-height-default\" data-id=\"7ec3c62\" data-element_type=\"section\">\n\t\t\t\t\t\t<div class=\"elementor-container elementor-column-gap-default\">\n\t\t\t\t\t<div class=\"elementor-column elementor-col-100 elementor-top-column elementor-element elementor-element-898e86d\" data-id=\"898e86d\" data-element_type=\"column\">\n\t\t\t<div class=\"elementor-widget-wrap elementor-element-populated\">\n\t\t\t\t\t\t<div class=\"elementor-element elementor-element-0798cde elementor-widget elementor-widget-spacer\" data-id=\"0798cde\" data-element_type=\"widget\" data-widget_type=\"spacer.default\">\n\t\t\t\t<div class=\"elementor-widget-container\">\n\t\t\t\t\t\t\t<div class=\"elementor-spacer\">\n\t\t\t<div class=\"elementor-spacer-inner\"><\/div>\n\t\t<\/div>\n\t\t\t\t\t\t<\/div>\n\t\t\t\t<\/div>\n\t\t\t\t\t<\/div>\n\t\t<\/div>\n\t\t\t\t\t<\/div>\n\t\t<\/section>\n\t\t\t\t<section class=\"elementor-section elementor-top-section elementor-element elementor-element-4e546b2 elementor-section-full_width elementor-section-height-default elementor-section-height-default\" data-id=\"4e546b2\" data-element_type=\"section\">\n\t\t\t\t\t\t<div class=\"elementor-container elementor-column-gap-default\">\n\t\t\t\t\t<div class=\"elementor-column elementor-col-100 elementor-top-column elementor-element elementor-element-425324b\" data-id=\"425324b\" data-element_type=\"column\">\n\t\t\t<div class=\"elementor-widget-wrap elementor-element-populated\">\n\t\t\t\t\t\t<div class=\"elementor-element elementor-element-81ed251 elementor-widget elementor-widget-google_maps\" data-id=\"81ed251\" data-element_type=\"widget\" data-widget_type=\"google_maps.default\">\n\t\t\t\t<div class=\"elementor-widget-container\">\n\t\t\t\t\t\t\t<div class=\"elementor-custom-embed\">\n\t\t\t<iframe loading=\"lazy\"\n\t\t\t\t\tsrc=\"https:\/\/maps.google.com\/maps?q=Studio%20Legale%20%22MUJA%20%26%20Associati%22&#038;t=m&#038;z=15&#038;output=embed&#038;iwloc=near\"\n\t\t\t\t\ttitle=\"Studio Legale &quot;MUJA &amp; Associati&quot;\"\n\t\t\t\t\taria-label=\"Studio Legale &quot;MUJA &amp; Associati&quot;\"\n\t\t\t><\/iframe>\n\t\t<\/div>\n\t\t\t\t\t\t<\/div>\n\t\t\t\t<\/div>\n\t\t\t\t\t<\/div>\n\t\t<\/div>\n\t\t\t\t\t<\/div>\n\t\t<\/section>\n\t\t\t\t<section class=\"elementor-section elementor-top-section elementor-element elementor-element-d32b7a5 elementor-section-boxed elementor-section-height-default elementor-section-height-default\" data-id=\"d32b7a5\" data-element_type=\"section\" data-settings=\"{&quot;background_background&quot;:&quot;classic&quot;}\">\n\t\t\t\t\t\t<div class=\"elementor-container elementor-column-gap-default\">\n\t\t\t\t\t<div class=\"elementor-column elementor-col-100 elementor-top-column elementor-element elementor-element-96a051d\" data-id=\"96a051d\" data-element_type=\"column\">\n\t\t\t<div class=\"elementor-widget-wrap elementor-element-populated\">\n\t\t\t\t\t\t<div class=\"elementor-element elementor-element-fb406d7 elementor-widget elementor-widget-spacer\" data-id=\"fb406d7\" data-element_type=\"widget\" data-widget_type=\"spacer.default\">\n\t\t\t\t<div class=\"elementor-widget-container\">\n\t\t\t\t\t\t\t<div class=\"elementor-spacer\">\n\t\t\t<div class=\"elementor-spacer-inner\"><\/div>\n\t\t<\/div>\n\t\t\t\t\t\t<\/div>\n\t\t\t\t<\/div>\n\t\t\t\t<div class=\"elementor-element elementor-element-14df26d elementor-icon-list--layout-inline elementor-align-center elementor-list-item-link-full_width elementor-widget elementor-widget-icon-list\" data-id=\"14df26d\" data-element_type=\"widget\" data-widget_type=\"icon-list.default\">\n\t\t\t\t<div class=\"elementor-widget-container\">\n\t\t\t\t\t\t\t<ul class=\"elementor-icon-list-items elementor-inline-items\">\n\t\t\t\t\t\t\t<li class=\"elementor-icon-list-item elementor-inline-item\">\n\t\t\t\t\t\t\t\t\t\t\t<a href=\"tel:(+355)%2067%20408%201822\">\n\n\t\t\t\t\t\t\t\t\t\t\t\t<span class=\"elementor-icon-list-icon\">\n\t\t\t\t\t\t\t<i aria-hidden=\"true\" class=\"fas fa-mobile-alt\"><\/i>\t\t\t\t\t\t<\/span>\n\t\t\t\t\t\t\t\t\t\t<span class=\"elementor-icon-list-text\">(+355) 67 408 1822<\/span>\n\t\t\t\t\t\t\t\t\t\t\t<\/a>\n\t\t\t\t\t\t\t\t\t<\/li>\n\t\t\t\t\t\t\t\t<li class=\"elementor-icon-list-item elementor-inline-item\">\n\t\t\t\t\t\t\t\t\t\t\t<a href=\"tel:(+355)%204%20452%203032\">\n\n\t\t\t\t\t\t\t\t\t\t\t\t<span class=\"elementor-icon-list-icon\">\n\t\t\t\t\t\t\t<i aria-hidden=\"true\" class=\"fas fa-phone-alt\"><\/i>\t\t\t\t\t\t<\/span>\n\t\t\t\t\t\t\t\t\t\t<span class=\"elementor-icon-list-text\">(+355) 4 452 3032<\/span>\n\t\t\t\t\t\t\t\t\t\t\t<\/a>\n\t\t\t\t\t\t\t\t\t<\/li>\n\t\t\t\t\t\t\t\t<li class=\"elementor-icon-list-item elementor-inline-item\">\n\t\t\t\t\t\t\t\t\t\t\t<a href=\"mailto:Info@studiolegalemuja.com\">\n\n\t\t\t\t\t\t\t\t\t\t\t\t<span class=\"elementor-icon-list-icon\">\n\t\t\t\t\t\t\t<i aria-hidden=\"true\" class=\"fas fa-mail-bulk\"><\/i>\t\t\t\t\t\t<\/span>\n\t\t\t\t\t\t\t\t\t\t<span class=\"elementor-icon-list-text\">Info@studiolegalemuja.com<\/span>\n\t\t\t\t\t\t\t\t\t\t\t<\/a>\n\t\t\t\t\t\t\t\t\t<\/li>\n\t\t\t\t\t\t<\/ul>\n\t\t\t\t\t\t<\/div>\n\t\t\t\t<\/div>\n\t\t\t\t<div class=\"elementor-element elementor-element-c7c3b59 elementor-widget elementor-widget-spacer\" data-id=\"c7c3b59\" data-element_type=\"widget\" data-widget_type=\"spacer.default\">\n\t\t\t\t<div class=\"elementor-widget-container\">\n\t\t\t\t\t\t\t<div class=\"elementor-spacer\">\n\t\t\t<div class=\"elementor-spacer-inner\"><\/div>\n\t\t<\/div>\n\t\t\t\t\t\t<\/div>\n\t\t\t\t<\/div>\n\t\t\t\t<div class=\"elementor-element elementor-element-13fc6a4 elementor-widget elementor-widget-heading\" data-id=\"13fc6a4\" data-element_type=\"widget\" data-widget_type=\"heading.default\">\n\t\t\t\t<div class=\"elementor-widget-container\">\n\t\t\t\t\t<h2 class=\"elementor-heading-title elementor-size-default\">Na ndiqni<\/h2>\t\t\t\t<\/div>\n\t\t\t\t<\/div>\n\t\t\t\t<div class=\"elementor-element elementor-element-67e3536 elementor-shape-rounded elementor-grid-0 e-grid-align-center elementor-widget elementor-widget-social-icons\" data-id=\"67e3536\" data-element_type=\"widget\" data-widget_type=\"social-icons.default\">\n\t\t\t\t<div class=\"elementor-widget-container\">\n\t\t\t\t\t\t\t<div class=\"elementor-social-icons-wrapper elementor-grid\">\n\t\t\t\t\t\t\t<span class=\"elementor-grid-item\">\n\t\t\t\t\t<a class=\"elementor-icon elementor-social-icon elementor-social-icon-facebook elementor-repeater-item-9ea263a\" href=\"https:\/\/www.facebook.com\/MujaAssociati\" target=\"_blank\">\n\t\t\t\t\t\t<span class=\"elementor-screen-only\">Facebook<\/span>\n\t\t\t\t\t\t<i class=\"fab fa-facebook\"><\/i>\t\t\t\t\t<\/a>\n\t\t\t\t<\/span>\n\t\t\t\t\t\t\t<span class=\"elementor-grid-item\">\n\t\t\t\t\t<a class=\"elementor-icon elementor-social-icon elementor-social-icon-linkedin elementor-repeater-item-d7a8bbb\" href=\"https:\/\/al.linkedin.com\/in\/av-ervin-muja-02910b82\" target=\"_blank\">\n\t\t\t\t\t\t<span class=\"elementor-screen-only\">Linkedin<\/span>\n\t\t\t\t\t\t<i class=\"fab fa-linkedin\"><\/i>\t\t\t\t\t<\/a>\n\t\t\t\t<\/span>\n\t\t\t\t\t\t\t<span class=\"elementor-grid-item\">\n\t\t\t\t\t<a class=\"elementor-icon elementor-social-icon elementor-social-icon-instagram elementor-repeater-item-4b51480\" href=\"https:\/\/www.instagram.com\/av_ervin_muja\/\" target=\"_blank\">\n\t\t\t\t\t\t<span class=\"elementor-screen-only\">Instagram<\/span>\n\t\t\t\t\t\t<i class=\"fab fa-instagram\"><\/i>\t\t\t\t\t<\/a>\n\t\t\t\t<\/span>\n\t\t\t\t\t<\/div>\n\t\t\t\t\t\t<\/div>\n\t\t\t\t<\/div>\n\t\t\t\t\t<\/div>\n\t\t<\/div>\n\t\t\t\t\t<\/div>\n\t\t<\/section>\n\t\t\t\t<\/div>\n\t\t","protected":false},"excerpt":{"rendered":"<p>Shp\u00ebrblime d\u00ebmi kontraktor e jasht\u00eb kontraktor. \u201cMuja&amp; Associati\u201d ofron sh\u00ebrbimet e saja ligjore n\u00eb kontratat e sigurimeve komb\u00ebtare dhe nd\u00ebrkomb\u00ebtare, mbi \u00e7\u00ebshtjet gjyq\u00ebsore Brenda dhe jasht\u00eb Shqip\u00ebris\u00eb (n\u00eb ve\u00e7anti p\u00ebr sigurimin e p\u00ebrgjegj\u00ebsis\u00eb motorike, p\u00ebrgjegj\u00ebsin\u00eb civile profesionale dhe p\u00ebrgjegj\u00ebsit\u00eb q\u00eb rrjedhin nga produktet), duke ofruar gam\u00eb t\u00eb gj\u00ebr\u00eb sh\u00ebrbime p\u00ebr d\u00ebmet kontraktore dhe jasht\u00eb kontraktore [&hellip;]<\/p>\n","protected":false},"author":1,"featured_media":0,"parent":0,"menu_order":0,"comment_status":"closed","ping_status":"closed","template":"elementor_header_footer","meta":{"footnotes":""},"class_list":["post-497","page","type-page","status-publish","hentry"],"yoast_head":"<!-- This site is optimized with the Yoast SEO plugin v24.8.1 - https:\/\/yoast.com\/wordpress\/plugins\/seo\/ -->\n<title>Shp\u00ebrblim D\u00ebmi - STUDIO LEGALE \u201cMUJA &amp; ASSOCIATI\u201d<\/title>\n<meta name=\"robots\" content=\"index, follow, max-snippet:-1, max-image-preview:large, max-video-preview:-1\" \/>\n<link rel=\"canonical\" href=\"https:\/\/www.studiolegalemuja.com\/sq\/shperblim-demi\/\" \/>\n<meta property=\"og:locale\" content=\"en_US\" \/>\n<meta property=\"og:type\" content=\"article\" \/>\n<meta property=\"og:title\" content=\"Shp\u00ebrblim D\u00ebmi - STUDIO LEGALE \u201cMUJA &amp; ASSOCIATI\u201d\" \/>\n<meta property=\"og:description\" content=\"Shp\u00ebrblime d\u00ebmi kontraktor e jasht\u00eb kontraktor. \u201cMuja&amp; Associati\u201d ofron sh\u00ebrbimet e saja ligjore n\u00eb kontratat e sigurimeve komb\u00ebtare dhe nd\u00ebrkomb\u00ebtare, mbi \u00e7\u00ebshtjet gjyq\u00ebsore Brenda dhe jasht\u00eb Shqip\u00ebris\u00eb (n\u00eb ve\u00e7anti p\u00ebr sigurimin e p\u00ebrgjegj\u00ebsis\u00eb motorike, p\u00ebrgjegj\u00ebsin\u00eb civile profesionale dhe p\u00ebrgjegj\u00ebsit\u00eb q\u00eb rrjedhin nga produktet), duke ofruar gam\u00eb t\u00eb gj\u00ebr\u00eb sh\u00ebrbime p\u00ebr d\u00ebmet kontraktore dhe jasht\u00eb kontraktore [&hellip;]\" \/>\n<meta property=\"og:url\" content=\"https:\/\/www.studiolegalemuja.com\/sq\/shperblim-demi\/\" \/>\n<meta property=\"og:site_name\" content=\"STUDIO LEGALE \u201cMUJA &amp; ASSOCIATI\u201d\" \/>\n<meta property=\"article:modified_time\" content=\"2021-05-05T13:23:50+00:00\" \/>\n<meta name=\"twitter:card\" content=\"summary_large_image\" \/>\n<meta name=\"twitter:label1\" content=\"Est. reading time\" \/>\n\t<meta name=\"twitter:data1\" content=\"2 minutes\" \/>\n<script type=\"application\/ld+json\" class=\"yoast-schema-graph\">{\"@context\":\"https:\/\/schema.org\",\"@graph\":[{\"@type\":\"WebPage\",\"@id\":\"https:\/\/www.studiolegalemuja.com\/sq\/shperblim-demi\/\",\"url\":\"https:\/\/www.studiolegalemuja.com\/sq\/shperblim-demi\/\",\"name\":\"Shp\u00ebrblim D\u00ebmi - STUDIO LEGALE \u201cMUJA &amp; ASSOCIATI\u201d\",\"isPartOf\":{\"@id\":\"https:\/\/www.studiolegalemuja.com\/sq\/#website\"},\"datePublished\":\"2021-04-21T13:23:09+00:00\",\"dateModified\":\"2021-05-05T13:23:50+00:00\",\"breadcrumb\":{\"@id\":\"https:\/\/www.studiolegalemuja.com\/sq\/shperblim-demi\/#breadcrumb\"},\"inLanguage\":\"en-US\",\"potentialAction\":[{\"@type\":\"ReadAction\",\"target\":[\"https:\/\/www.studiolegalemuja.com\/sq\/shperblim-demi\/\"]}]},{\"@type\":\"BreadcrumbList\",\"@id\":\"https:\/\/www.studiolegalemuja.com\/sq\/shperblim-demi\/#breadcrumb\",\"itemListElement\":[{\"@type\":\"ListItem\",\"position\":1,\"name\":\"Home\",\"item\":\"https:\/\/www.studiolegalemuja.com\/sq\/\"},{\"@type\":\"ListItem\",\"position\":2,\"name\":\"Shp\u00ebrblim D\u00ebmi\"}]},{\"@type\":\"WebSite\",\"@id\":\"https:\/\/www.studiolegalemuja.com\/sq\/#website\",\"url\":\"https:\/\/www.studiolegalemuja.com\/sq\/\",\"name\":\"STUDIO LEGALE \u201cMUJA &amp; ASSOCIATI\u201d\",\"description\":\"STUDIO LEGALE \u201cMUJA &amp; ASSOCIATI\u201d\",\"publisher\":{\"@id\":\"https:\/\/www.studiolegalemuja.com\/sq\/#organization\"},\"potentialAction\":[{\"@type\":\"SearchAction\",\"target\":{\"@type\":\"EntryPoint\",\"urlTemplate\":\"https:\/\/www.studiolegalemuja.com\/sq\/?s={search_term_string}\"},\"query-input\":{\"@type\":\"PropertyValueSpecification\",\"valueRequired\":true,\"valueName\":\"search_term_string\"}}],\"inLanguage\":\"en-US\"},{\"@type\":\"Organization\",\"@id\":\"https:\/\/www.studiolegalemuja.com\/sq\/#organization\",\"name\":\"STUDIO LEGALE \u201cMUJA &amp; ASSOCIATI\u201d\",\"url\":\"https:\/\/www.studiolegalemuja.com\/sq\/\",\"logo\":{\"@type\":\"ImageObject\",\"inLanguage\":\"en-US\",\"@id\":\"https:\/\/www.studiolegalemuja.com\/sq\/#\/schema\/logo\/image\/\",\"url\":\"https:\/\/www.studiolegalemuja.com\/sq\/wp-content\/uploads\/sites\/4\/2021\/04\/cropped-mujaandassociati-logo.png\",\"contentUrl\":\"https:\/\/www.studiolegalemuja.com\/sq\/wp-content\/uploads\/sites\/4\/2021\/04\/cropped-mujaandassociati-logo.png\",\"width\":271,\"height\":250,\"caption\":\"STUDIO LEGALE \u201cMUJA &amp; ASSOCIATI\u201d\"},\"image\":{\"@id\":\"https:\/\/www.studiolegalemuja.com\/sq\/#\/schema\/logo\/image\/\"}}]}<\/script>\n<!-- \/ Yoast SEO plugin. -->","yoast_head_json":{"title":"Shp\u00ebrblim D\u00ebmi - STUDIO LEGALE \u201cMUJA &amp; ASSOCIATI\u201d","robots":{"index":"index","follow":"follow","max-snippet":"max-snippet:-1","max-image-preview":"max-image-preview:large","max-video-preview":"max-video-preview:-1"},"canonical":"https:\/\/www.studiolegalemuja.com\/sq\/shperblim-demi\/","og_locale":"en_US","og_type":"article","og_title":"Shp\u00ebrblim D\u00ebmi - STUDIO LEGALE \u201cMUJA &amp; ASSOCIATI\u201d","og_description":"Shp\u00ebrblime d\u00ebmi kontraktor e jasht\u00eb kontraktor. \u201cMuja&amp; Associati\u201d ofron sh\u00ebrbimet e saja ligjore n\u00eb kontratat e sigurimeve komb\u00ebtare dhe nd\u00ebrkomb\u00ebtare, mbi \u00e7\u00ebshtjet gjyq\u00ebsore Brenda dhe jasht\u00eb Shqip\u00ebris\u00eb (n\u00eb ve\u00e7anti p\u00ebr sigurimin e p\u00ebrgjegj\u00ebsis\u00eb motorike, p\u00ebrgjegj\u00ebsin\u00eb civile profesionale dhe p\u00ebrgjegj\u00ebsit\u00eb q\u00eb rrjedhin nga produktet), duke ofruar gam\u00eb t\u00eb gj\u00ebr\u00eb sh\u00ebrbime p\u00ebr d\u00ebmet kontraktore dhe jasht\u00eb kontraktore [&hellip;]","og_url":"https:\/\/www.studiolegalemuja.com\/sq\/shperblim-demi\/","og_site_name":"STUDIO LEGALE \u201cMUJA &amp; ASSOCIATI\u201d","article_modified_time":"2021-05-05T13:23:50+00:00","twitter_card":"summary_large_image","twitter_misc":{"Est. reading time":"2 minutes"},"schema":{"@context":"https:\/\/schema.org","@graph":[{"@type":"WebPage","@id":"https:\/\/www.studiolegalemuja.com\/sq\/shperblim-demi\/","url":"https:\/\/www.studiolegalemuja.com\/sq\/shperblim-demi\/","name":"Shp\u00ebrblim D\u00ebmi - STUDIO LEGALE \u201cMUJA &amp; ASSOCIATI\u201d","isPartOf":{"@id":"https:\/\/www.studiolegalemuja.com\/sq\/#website"},"datePublished":"2021-04-21T13:23:09+00:00","dateModified":"2021-05-05T13:23:50+00:00","breadcrumb":{"@id":"https:\/\/www.studiolegalemuja.com\/sq\/shperblim-demi\/#breadcrumb"},"inLanguage":"en-US","potentialAction":[{"@type":"ReadAction","target":["https:\/\/www.studiolegalemuja.com\/sq\/shperblim-demi\/"]}]},{"@type":"BreadcrumbList","@id":"https:\/\/www.studiolegalemuja.com\/sq\/shperblim-demi\/#breadcrumb","itemListElement":[{"@type":"ListItem","position":1,"name":"Home","item":"https:\/\/www.studiolegalemuja.com\/sq\/"},{"@type":"ListItem","position":2,"name":"Shp\u00ebrblim D\u00ebmi"}]},{"@type":"WebSite","@id":"https:\/\/www.studiolegalemuja.com\/sq\/#website","url":"https:\/\/www.studiolegalemuja.com\/sq\/","name":"STUDIO LEGALE \u201cMUJA &amp; ASSOCIATI\u201d","description":"STUDIO LEGALE \u201cMUJA &amp; ASSOCIATI\u201d","publisher":{"@id":"https:\/\/www.studiolegalemuja.com\/sq\/#organization"},"potentialAction":[{"@type":"SearchAction","target":{"@type":"EntryPoint","urlTemplate":"https:\/\/www.studiolegalemuja.com\/sq\/?s={search_term_string}"},"query-input":{"@type":"PropertyValueSpecification","valueRequired":true,"valueName":"search_term_string"}}],"inLanguage":"en-US"},{"@type":"Organization","@id":"https:\/\/www.studiolegalemuja.com\/sq\/#organization","name":"STUDIO LEGALE \u201cMUJA &amp; ASSOCIATI\u201d","url":"https:\/\/www.studiolegalemuja.com\/sq\/","logo":{"@type":"ImageObject","inLanguage":"en-US","@id":"https:\/\/www.studiolegalemuja.com\/sq\/#\/schema\/logo\/image\/","url":"https:\/\/www.studiolegalemuja.com\/sq\/wp-content\/uploads\/sites\/4\/2021\/04\/cropped-mujaandassociati-logo.png","contentUrl":"https:\/\/www.studiolegalemuja.com\/sq\/wp-content\/uploads\/sites\/4\/2021\/04\/cropped-mujaandassociati-logo.png","width":271,"height":250,"caption":"STUDIO LEGALE \u201cMUJA &amp; ASSOCIATI\u201d"},"image":{"@id":"https:\/\/www.studiolegalemuja.com\/sq\/#\/schema\/logo\/image\/"}}]}},"_links":{"self":[{"href":"https:\/\/www.studiolegalemuja.com\/sq\/wp-json\/wp\/v2\/pages\/497","targetHints":{"allow":["GET"]}}],"collection":[{"href":"https:\/\/www.studiolegalemuja.com\/sq\/wp-json\/wp\/v2\/pages"}],"about":[{"href":"https:\/\/www.studiolegalemuja.com\/sq\/wp-json\/wp\/v2\/types\/page"}],"author":[{"embeddable":true,"href":"https:\/\/www.studiolegalemuja.com\/sq\/wp-json\/wp\/v2\/users\/1"}],"replies":[{"embeddable":true,"href":"https:\/\/www.studiolegalemuja.com\/sq\/wp-json\/wp\/v2\/comments?post=497"}],"version-history":[{"count":34,"href":"https:\/\/www.studiolegalemuja.com\/sq\/wp-json\/wp\/v2\/pages\/497\/revisions"}],"predecessor-version":[{"id":882,"href":"https:\/\/www.studiolegalemuja.com\/sq\/wp-json\/wp\/v2\/pages\/497\/revisions\/882"}],"wp:attachment":[{"href":"https:\/\/www.studiolegalemuja.com\/sq\/wp-json\/wp\/v2\/media?parent=497"}],"curies":[{"name":"wp","href":"https:\/\/api.w.org\/{rel}","templated":true}]}}