{"id":551,"date":"2021-04-21T13:36:20","date_gmt":"2021-04-21T13:36:20","guid":{"rendered":"http:\/\/www.studiolegalemuja.com\/sq\/?page_id=551"},"modified":"2021-05-05T13:32:04","modified_gmt":"2021-05-05T13:32:04","slug":"pronesia-intelektuale","status":"publish","type":"page","link":"https:\/\/www.studiolegalemuja.com\/sq\/pronesia-intelektuale\/","title":{"rendered":"Pron\u00ebsia Intelektuale"},"content":{"rendered":"\t\t<div data-elementor-type=\"wp-page\" data-elementor-id=\"551\" class=\"elementor elementor-551\">\n\t\t\t\t\t\t<section class=\"elementor-section elementor-top-section elementor-element elementor-element-5f4e846 elementor-section-boxed elementor-section-height-default elementor-section-height-default\" data-id=\"5f4e846\" data-element_type=\"section\">\n\t\t\t\t\t\t<div class=\"elementor-container elementor-column-gap-default\">\n\t\t\t\t\t<div class=\"elementor-column elementor-col-100 elementor-top-column elementor-element elementor-element-41d97a6\" data-id=\"41d97a6\" data-element_type=\"column\">\n\t\t\t<div class=\"elementor-widget-wrap elementor-element-populated\">\n\t\t\t\t\t\t<div class=\"elementor-element elementor-element-2bc3d46 elementor-widget elementor-widget-shortcode\" data-id=\"2bc3d46\" data-element_type=\"widget\" data-widget_type=\"shortcode.default\">\n\t\t\t\t<div class=\"elementor-widget-container\">\n\t\t\t\t\t\t\t<div class=\"elementor-shortcode\">\n<\/div>\n\t\t\t\t\t\t<\/div>\n\t\t\t\t<\/div>\n\t\t\t\t\t<\/div>\n\t\t<\/div>\n\t\t\t\t\t<\/div>\n\t\t<\/section>\n\t\t\t\t<section class=\"elementor-section elementor-top-section elementor-element elementor-element-b7c9082 elementor-section-boxed elementor-section-height-default elementor-section-height-default\" data-id=\"b7c9082\" data-element_type=\"section\">\n\t\t\t\t\t\t<div class=\"elementor-container elementor-column-gap-default\">\n\t\t\t\t\t<div class=\"elementor-column elementor-col-100 elementor-top-column elementor-element elementor-element-f263efe\" data-id=\"f263efe\" data-element_type=\"column\">\n\t\t\t<div class=\"elementor-widget-wrap elementor-element-populated\">\n\t\t\t\t\t\t<div class=\"elementor-element elementor-element-e8f12f5 elementor-widget elementor-widget-spacer\" data-id=\"e8f12f5\" data-element_type=\"widget\" data-widget_type=\"spacer.default\">\n\t\t\t\t<div class=\"elementor-widget-container\">\n\t\t\t\t\t\t\t<div class=\"elementor-spacer\">\n\t\t\t<div class=\"elementor-spacer-inner\"><\/div>\n\t\t<\/div>\n\t\t\t\t\t\t<\/div>\n\t\t\t\t<\/div>\n\t\t\t\t\t<\/div>\n\t\t<\/div>\n\t\t\t\t\t<\/div>\n\t\t<\/section>\n\t\t\t\t<section class=\"elementor-section elementor-top-section elementor-element elementor-element-c142d0f elementor-section-boxed elementor-section-height-default elementor-section-height-default\" data-id=\"c142d0f\" data-element_type=\"section\">\n\t\t\t\t\t\t<div class=\"elementor-container elementor-column-gap-default\">\n\t\t\t\t\t<div class=\"elementor-column elementor-col-50 elementor-top-column elementor-element elementor-element-2dbcbfe\" data-id=\"2dbcbfe\" data-element_type=\"column\">\n\t\t\t<div class=\"elementor-widget-wrap elementor-element-populated\">\n\t\t\t\t\t\t<div class=\"elementor-element elementor-element-37023b6 elementor-widget elementor-widget-text-editor\" data-id=\"37023b6\" data-element_type=\"widget\" data-widget_type=\"text-editor.default\">\n\t\t\t\t<div class=\"elementor-widget-container\">\n\t\t\t\t\t\t\t\t\t<p>Studio Ligjore \u201cMuja &amp;Associati\u201d ofron sh\u00ebrbimin e saj p\u00ebr mosmarr\u00ebveshjet e markave tregtare dhe emrave t\u00eb domain, modeleve, patentave, know-how, sekrete tregtare, t\u00eb drejt\u00ebn e autorit, treguesit gjoegrafik, dizenjove industrial, konkurrenc\u00ebs s\u00eb padrejt\u00eb, t\u00eb drejtave t\u00eb autorit dhe reklamave mashtruese dhe krahasuesesi n\u00eb nivelin gjyq\u00ebsor ashtu edhe jasht\u00ebgjyq\u00ebsor, duke mbrojtur t\u00eb drejtat morale dhe pasurore t\u00eb tyre.<\/p><p>Ndihmon klient\u00ebt e tij n\u00eb \u00e7do mosmarr\u00ebveshje t\u00eb pron\u00ebsis\u00eb intelektuale (p\u00ebrpara autoriteteve kompetente komb\u00ebtare, evropiane dhe nd\u00ebrkomb\u00ebtare administrative dhe gjyq\u00ebsore), konkurrenc\u00eb t\u00eb padrejt\u00eb, mbrojtje t\u00eb t\u00eb dh\u00ebnave personale, reklamime mashtruese dhe krahasuese (para gjyq\u00ebsorit t\u00eb zakonsh\u00ebm, Autoriteti Garantues i Konkurrenc\u00ebs dhe Tregu dhe Juria e vet\u00eb-rregullimit t\u00eb Reklamave).<\/p><p>Aktiviteti n\u00eb fush\u00ebn e mbrojtjes s\u00eb mark\u00ebs shoq\u00ebrohet gjithashtu me at\u00eb t\u00eb realizuar n\u00eb sektorin e konkurrenc\u00ebs s\u00eb tregut, dhe mbi t\u00eb gjitha n\u00eb fushat e konkurrenc\u00ebs s\u00eb padrejt\u00eb dhe disiplin\u00ebs antitrustit, n\u00eb lidhje me mbrojtjen e markave t\u00eb korporatave.<\/p>\t\t\t\t\t\t\t\t<\/div>\n\t\t\t\t<\/div>\n\t\t\t\t\t<\/div>\n\t\t<\/div>\n\t\t\t\t<div class=\"elementor-column elementor-col-50 elementor-top-column elementor-element elementor-element-e0c14c8\" data-id=\"e0c14c8\" data-element_type=\"column\" data-settings=\"{&quot;background_background&quot;:&quot;classic&quot;}\">\n\t\t\t<div class=\"elementor-widget-wrap elementor-element-populated\">\n\t\t\t\t\t\t<div class=\"elementor-element elementor-element-612d413 elementor-widget elementor-widget-spacer\" data-id=\"612d413\" data-element_type=\"widget\" data-widget_type=\"spacer.default\">\n\t\t\t\t<div class=\"elementor-widget-container\">\n\t\t\t\t\t\t\t<div class=\"elementor-spacer\">\n\t\t\t<div class=\"elementor-spacer-inner\"><\/div>\n\t\t<\/div>\n\t\t\t\t\t\t<\/div>\n\t\t\t\t<\/div>\n\t\t\t\t\t<\/div>\n\t\t<\/div>\n\t\t\t\t\t<\/div>\n\t\t<\/section>\n\t\t\t\t<section class=\"elementor-section elementor-top-section elementor-element elementor-element-707cdc6 elementor-section-boxed elementor-section-height-default elementor-section-height-default\" data-id=\"707cdc6\" data-element_type=\"section\">\n\t\t\t\t\t\t<div class=\"elementor-container elementor-column-gap-default\">\n\t\t\t\t\t<div class=\"elementor-column elementor-col-100 elementor-top-column elementor-element elementor-element-cb65a02\" data-id=\"cb65a02\" data-element_type=\"column\">\n\t\t\t<div class=\"elementor-widget-wrap elementor-element-populated\">\n\t\t\t\t\t\t<div class=\"elementor-element elementor-element-eb1768a elementor-widget elementor-widget-spacer\" data-id=\"eb1768a\" data-element_type=\"widget\" data-widget_type=\"spacer.default\">\n\t\t\t\t<div class=\"elementor-widget-container\">\n\t\t\t\t\t\t\t<div class=\"elementor-spacer\">\n\t\t\t<div class=\"elementor-spacer-inner\"><\/div>\n\t\t<\/div>\n\t\t\t\t\t\t<\/div>\n\t\t\t\t<\/div>\n\t\t\t\t\t<\/div>\n\t\t<\/div>\n\t\t\t\t\t<\/div>\n\t\t<\/section>\n\t\t\t\t<section class=\"elementor-section elementor-top-section elementor-element elementor-element-275f997 elementor-section-full_width elementor-section-height-default elementor-section-height-default\" data-id=\"275f997\" data-element_type=\"section\">\n\t\t\t\t\t\t<div class=\"elementor-container elementor-column-gap-default\">\n\t\t\t\t\t<div class=\"elementor-column elementor-col-100 elementor-top-column elementor-element elementor-element-b9deedd\" data-id=\"b9deedd\" data-element_type=\"column\">\n\t\t\t<div class=\"elementor-widget-wrap elementor-element-populated\">\n\t\t\t\t\t\t<div class=\"elementor-element elementor-element-6b5177e elementor-widget elementor-widget-google_maps\" data-id=\"6b5177e\" data-element_type=\"widget\" data-widget_type=\"google_maps.default\">\n\t\t\t\t<div class=\"elementor-widget-container\">\n\t\t\t\t\t\t\t<div class=\"elementor-custom-embed\">\n\t\t\t<iframe loading=\"lazy\"\n\t\t\t\t\tsrc=\"https:\/\/maps.google.com\/maps?q=Studio%20Legale%20%22MUJA%20%26%20Associati%22&#038;t=m&#038;z=15&#038;output=embed&#038;iwloc=near\"\n\t\t\t\t\ttitle=\"Studio Legale &quot;MUJA &amp; Associati&quot;\"\n\t\t\t\t\taria-label=\"Studio Legale &quot;MUJA &amp; Associati&quot;\"\n\t\t\t><\/iframe>\n\t\t<\/div>\n\t\t\t\t\t\t<\/div>\n\t\t\t\t<\/div>\n\t\t\t\t\t<\/div>\n\t\t<\/div>\n\t\t\t\t\t<\/div>\n\t\t<\/section>\n\t\t\t\t<section class=\"elementor-section elementor-top-section elementor-element elementor-element-d32b7a5 elementor-section-boxed elementor-section-height-default elementor-section-height-default\" data-id=\"d32b7a5\" data-element_type=\"section\" data-settings=\"{&quot;background_background&quot;:&quot;classic&quot;}\">\n\t\t\t\t\t\t<div class=\"elementor-container elementor-column-gap-default\">\n\t\t\t\t\t<div class=\"elementor-column elementor-col-100 elementor-top-column elementor-element elementor-element-96a051d\" data-id=\"96a051d\" data-element_type=\"column\">\n\t\t\t<div class=\"elementor-widget-wrap elementor-element-populated\">\n\t\t\t\t\t\t<div class=\"elementor-element elementor-element-fb406d7 elementor-widget elementor-widget-spacer\" data-id=\"fb406d7\" data-element_type=\"widget\" data-widget_type=\"spacer.default\">\n\t\t\t\t<div class=\"elementor-widget-container\">\n\t\t\t\t\t\t\t<div class=\"elementor-spacer\">\n\t\t\t<div class=\"elementor-spacer-inner\"><\/div>\n\t\t<\/div>\n\t\t\t\t\t\t<\/div>\n\t\t\t\t<\/div>\n\t\t\t\t<div class=\"elementor-element elementor-element-4d09c49 elementor-icon-list--layout-inline elementor-align-center elementor-list-item-link-full_width elementor-widget elementor-widget-icon-list\" data-id=\"4d09c49\" data-element_type=\"widget\" data-widget_type=\"icon-list.default\">\n\t\t\t\t<div class=\"elementor-widget-container\">\n\t\t\t\t\t\t\t<ul class=\"elementor-icon-list-items elementor-inline-items\">\n\t\t\t\t\t\t\t<li class=\"elementor-icon-list-item elementor-inline-item\">\n\t\t\t\t\t\t\t\t\t\t\t<a href=\"tel:(+355)%20067%20408%201822\">\n\n\t\t\t\t\t\t\t\t\t\t\t\t<span class=\"elementor-icon-list-icon\">\n\t\t\t\t\t\t\t<i aria-hidden=\"true\" class=\"fas fa-mobile-alt\"><\/i>\t\t\t\t\t\t<\/span>\n\t\t\t\t\t\t\t\t\t\t<span class=\"elementor-icon-list-text\">(+355) 067 408 1822<\/span>\n\t\t\t\t\t\t\t\t\t\t\t<\/a>\n\t\t\t\t\t\t\t\t\t<\/li>\n\t\t\t\t\t\t\t\t<li class=\"elementor-icon-list-item elementor-inline-item\">\n\t\t\t\t\t\t\t\t\t\t\t<a href=\"tel:(+355)%204%20452%203032\">\n\n\t\t\t\t\t\t\t\t\t\t\t\t<span class=\"elementor-icon-list-icon\">\n\t\t\t\t\t\t\t<i aria-hidden=\"true\" class=\"fas fa-phone-alt\"><\/i>\t\t\t\t\t\t<\/span>\n\t\t\t\t\t\t\t\t\t\t<span class=\"elementor-icon-list-text\">(+355) 4 452 3032<\/span>\n\t\t\t\t\t\t\t\t\t\t\t<\/a>\n\t\t\t\t\t\t\t\t\t<\/li>\n\t\t\t\t\t\t\t\t<li class=\"elementor-icon-list-item elementor-inline-item\">\n\t\t\t\t\t\t\t\t\t\t\t<a href=\"mailto:Info@studiolegalemuja.com\">\n\n\t\t\t\t\t\t\t\t\t\t\t\t<span class=\"elementor-icon-list-icon\">\n\t\t\t\t\t\t\t<i aria-hidden=\"true\" class=\"fas fa-mail-bulk\"><\/i>\t\t\t\t\t\t<\/span>\n\t\t\t\t\t\t\t\t\t\t<span class=\"elementor-icon-list-text\">Info@studiolegalemuja.com<\/span>\n\t\t\t\t\t\t\t\t\t\t\t<\/a>\n\t\t\t\t\t\t\t\t\t<\/li>\n\t\t\t\t\t\t<\/ul>\n\t\t\t\t\t\t<\/div>\n\t\t\t\t<\/div>\n\t\t\t\t<div class=\"elementor-element elementor-element-c7c3b59 elementor-widget elementor-widget-spacer\" data-id=\"c7c3b59\" data-element_type=\"widget\" data-widget_type=\"spacer.default\">\n\t\t\t\t<div class=\"elementor-widget-container\">\n\t\t\t\t\t\t\t<div class=\"elementor-spacer\">\n\t\t\t<div class=\"elementor-spacer-inner\"><\/div>\n\t\t<\/div>\n\t\t\t\t\t\t<\/div>\n\t\t\t\t<\/div>\n\t\t\t\t<div class=\"elementor-element elementor-element-13fc6a4 elementor-widget elementor-widget-heading\" data-id=\"13fc6a4\" data-element_type=\"widget\" data-widget_type=\"heading.default\">\n\t\t\t\t<div class=\"elementor-widget-container\">\n\t\t\t\t\t<h2 class=\"elementor-heading-title elementor-size-default\">Na ndiqni<\/h2>\t\t\t\t<\/div>\n\t\t\t\t<\/div>\n\t\t\t\t<div class=\"elementor-element elementor-element-67e3536 elementor-shape-rounded elementor-grid-0 e-grid-align-center elementor-widget elementor-widget-social-icons\" data-id=\"67e3536\" data-element_type=\"widget\" data-widget_type=\"social-icons.default\">\n\t\t\t\t<div class=\"elementor-widget-container\">\n\t\t\t\t\t\t\t<div class=\"elementor-social-icons-wrapper elementor-grid\">\n\t\t\t\t\t\t\t<span class=\"elementor-grid-item\">\n\t\t\t\t\t<a class=\"elementor-icon elementor-social-icon elementor-social-icon-facebook elementor-repeater-item-9ea263a\" href=\"https:\/\/www.facebook.com\/MujaAssociati\" target=\"_blank\">\n\t\t\t\t\t\t<span class=\"elementor-screen-only\">Facebook<\/span>\n\t\t\t\t\t\t<i class=\"fab fa-facebook\"><\/i>\t\t\t\t\t<\/a>\n\t\t\t\t<\/span>\n\t\t\t\t\t\t\t<span class=\"elementor-grid-item\">\n\t\t\t\t\t<a class=\"elementor-icon elementor-social-icon elementor-social-icon-linkedin elementor-repeater-item-d7a8bbb\" href=\"https:\/\/al.linkedin.com\/in\/av-ervin-muja-02910b82\" target=\"_blank\">\n\t\t\t\t\t\t<span class=\"elementor-screen-only\">Linkedin<\/span>\n\t\t\t\t\t\t<i class=\"fab fa-linkedin\"><\/i>\t\t\t\t\t<\/a>\n\t\t\t\t<\/span>\n\t\t\t\t\t\t\t<span class=\"elementor-grid-item\">\n\t\t\t\t\t<a class=\"elementor-icon elementor-social-icon elementor-social-icon-instagram elementor-repeater-item-4b51480\" href=\"https:\/\/www.instagram.com\/av_ervin_muja\/\" target=\"_blank\">\n\t\t\t\t\t\t<span class=\"elementor-screen-only\">Instagram<\/span>\n\t\t\t\t\t\t<i class=\"fab fa-instagram\"><\/i>\t\t\t\t\t<\/a>\n\t\t\t\t<\/span>\n\t\t\t\t\t<\/div>\n\t\t\t\t\t\t<\/div>\n\t\t\t\t<\/div>\n\t\t\t\t\t<\/div>\n\t\t<\/div>\n\t\t\t\t\t<\/div>\n\t\t<\/section>\n\t\t\t\t<\/div>\n\t\t","protected":false},"excerpt":{"rendered":"<p>Studio Ligjore \u201cMuja &amp;Associati\u201d ofron sh\u00ebrbimin e saj p\u00ebr mosmarr\u00ebveshjet e markave tregtare dhe emrave t\u00eb domain, modeleve, patentave, know-how, sekrete tregtare, t\u00eb drejt\u00ebn e autorit, treguesit gjoegrafik, dizenjove industrial, konkurrenc\u00ebs s\u00eb padrejt\u00eb, t\u00eb drejtave t\u00eb autorit dhe reklamave mashtruese dhe krahasuesesi n\u00eb nivelin gjyq\u00ebsor ashtu edhe jasht\u00ebgjyq\u00ebsor, duke mbrojtur t\u00eb drejtat morale dhe pasurore [&hellip;]<\/p>\n","protected":false},"author":1,"featured_media":0,"parent":0,"menu_order":0,"comment_status":"closed","ping_status":"closed","template":"elementor_header_footer","meta":{"footnotes":""},"class_list":["post-551","page","type-page","status-publish","hentry"],"yoast_head":"<!-- This site is optimized with the Yoast SEO plugin v24.8.1 - https:\/\/yoast.com\/wordpress\/plugins\/seo\/ -->\n<title>Pron\u00ebsia Intelektuale - STUDIO LEGALE \u201cMUJA &amp; ASSOCIATI\u201d<\/title>\n<meta name=\"robots\" content=\"index, follow, max-snippet:-1, max-image-preview:large, max-video-preview:-1\" \/>\n<link rel=\"canonical\" href=\"https:\/\/www.studiolegalemuja.com\/sq\/pronesia-intelektuale\/\" \/>\n<meta property=\"og:locale\" content=\"en_US\" \/>\n<meta property=\"og:type\" content=\"article\" \/>\n<meta property=\"og:title\" content=\"Pron\u00ebsia Intelektuale - STUDIO LEGALE \u201cMUJA &amp; ASSOCIATI\u201d\" \/>\n<meta property=\"og:description\" content=\"Studio Ligjore \u201cMuja &amp;Associati\u201d ofron sh\u00ebrbimin e saj p\u00ebr mosmarr\u00ebveshjet e markave tregtare dhe emrave t\u00eb domain, modeleve, patentave, know-how, sekrete tregtare, t\u00eb drejt\u00ebn e autorit, treguesit gjoegrafik, dizenjove industrial, konkurrenc\u00ebs s\u00eb padrejt\u00eb, t\u00eb drejtave t\u00eb autorit dhe reklamave mashtruese dhe krahasuesesi n\u00eb nivelin gjyq\u00ebsor ashtu edhe jasht\u00ebgjyq\u00ebsor, duke mbrojtur t\u00eb drejtat morale dhe pasurore [&hellip;]\" \/>\n<meta property=\"og:url\" content=\"https:\/\/www.studiolegalemuja.com\/sq\/pronesia-intelektuale\/\" \/>\n<meta property=\"og:site_name\" content=\"STUDIO LEGALE \u201cMUJA &amp; ASSOCIATI\u201d\" \/>\n<meta property=\"article:modified_time\" content=\"2021-05-05T13:32:04+00:00\" \/>\n<meta name=\"twitter:card\" content=\"summary_large_image\" \/>\n<meta name=\"twitter:label1\" content=\"Est. reading time\" \/>\n\t<meta name=\"twitter:data1\" content=\"1 minute\" \/>\n<script type=\"application\/ld+json\" class=\"yoast-schema-graph\">{\"@context\":\"https:\/\/schema.org\",\"@graph\":[{\"@type\":\"WebPage\",\"@id\":\"https:\/\/www.studiolegalemuja.com\/sq\/pronesia-intelektuale\/\",\"url\":\"https:\/\/www.studiolegalemuja.com\/sq\/pronesia-intelektuale\/\",\"name\":\"Pron\u00ebsia Intelektuale - STUDIO LEGALE \u201cMUJA &amp; ASSOCIATI\u201d\",\"isPartOf\":{\"@id\":\"https:\/\/www.studiolegalemuja.com\/sq\/#website\"},\"datePublished\":\"2021-04-21T13:36:20+00:00\",\"dateModified\":\"2021-05-05T13:32:04+00:00\",\"breadcrumb\":{\"@id\":\"https:\/\/www.studiolegalemuja.com\/sq\/pronesia-intelektuale\/#breadcrumb\"},\"inLanguage\":\"en-US\",\"potentialAction\":[{\"@type\":\"ReadAction\",\"target\":[\"https:\/\/www.studiolegalemuja.com\/sq\/pronesia-intelektuale\/\"]}]},{\"@type\":\"BreadcrumbList\",\"@id\":\"https:\/\/www.studiolegalemuja.com\/sq\/pronesia-intelektuale\/#breadcrumb\",\"itemListElement\":[{\"@type\":\"ListItem\",\"position\":1,\"name\":\"Home\",\"item\":\"https:\/\/www.studiolegalemuja.com\/sq\/\"},{\"@type\":\"ListItem\",\"position\":2,\"name\":\"Pron\u00ebsia Intelektuale\"}]},{\"@type\":\"WebSite\",\"@id\":\"https:\/\/www.studiolegalemuja.com\/sq\/#website\",\"url\":\"https:\/\/www.studiolegalemuja.com\/sq\/\",\"name\":\"STUDIO LEGALE \u201cMUJA &amp; ASSOCIATI\u201d\",\"description\":\"STUDIO LEGALE \u201cMUJA &amp; ASSOCIATI\u201d\",\"publisher\":{\"@id\":\"https:\/\/www.studiolegalemuja.com\/sq\/#organization\"},\"potentialAction\":[{\"@type\":\"SearchAction\",\"target\":{\"@type\":\"EntryPoint\",\"urlTemplate\":\"https:\/\/www.studiolegalemuja.com\/sq\/?s={search_term_string}\"},\"query-input\":{\"@type\":\"PropertyValueSpecification\",\"valueRequired\":true,\"valueName\":\"search_term_string\"}}],\"inLanguage\":\"en-US\"},{\"@type\":\"Organization\",\"@id\":\"https:\/\/www.studiolegalemuja.com\/sq\/#organization\",\"name\":\"STUDIO LEGALE \u201cMUJA &amp; ASSOCIATI\u201d\",\"url\":\"https:\/\/www.studiolegalemuja.com\/sq\/\",\"logo\":{\"@type\":\"ImageObject\",\"inLanguage\":\"en-US\",\"@id\":\"https:\/\/www.studiolegalemuja.com\/sq\/#\/schema\/logo\/image\/\",\"url\":\"https:\/\/www.studiolegalemuja.com\/sq\/wp-content\/uploads\/sites\/4\/2021\/04\/cropped-mujaandassociati-logo.png\",\"contentUrl\":\"https:\/\/www.studiolegalemuja.com\/sq\/wp-content\/uploads\/sites\/4\/2021\/04\/cropped-mujaandassociati-logo.png\",\"width\":271,\"height\":250,\"caption\":\"STUDIO LEGALE \u201cMUJA &amp; ASSOCIATI\u201d\"},\"image\":{\"@id\":\"https:\/\/www.studiolegalemuja.com\/sq\/#\/schema\/logo\/image\/\"}}]}<\/script>\n<!-- \/ Yoast SEO plugin. -->","yoast_head_json":{"title":"Pron\u00ebsia Intelektuale - STUDIO LEGALE \u201cMUJA &amp; ASSOCIATI\u201d","robots":{"index":"index","follow":"follow","max-snippet":"max-snippet:-1","max-image-preview":"max-image-preview:large","max-video-preview":"max-video-preview:-1"},"canonical":"https:\/\/www.studiolegalemuja.com\/sq\/pronesia-intelektuale\/","og_locale":"en_US","og_type":"article","og_title":"Pron\u00ebsia Intelektuale - STUDIO LEGALE \u201cMUJA &amp; ASSOCIATI\u201d","og_description":"Studio Ligjore \u201cMuja &amp;Associati\u201d ofron sh\u00ebrbimin e saj p\u00ebr mosmarr\u00ebveshjet e markave tregtare dhe emrave t\u00eb domain, modeleve, patentave, know-how, sekrete tregtare, t\u00eb drejt\u00ebn e autorit, treguesit gjoegrafik, dizenjove industrial, konkurrenc\u00ebs s\u00eb padrejt\u00eb, t\u00eb drejtave t\u00eb autorit dhe reklamave mashtruese dhe krahasuesesi n\u00eb nivelin gjyq\u00ebsor ashtu edhe jasht\u00ebgjyq\u00ebsor, duke mbrojtur t\u00eb drejtat morale dhe pasurore [&hellip;]","og_url":"https:\/\/www.studiolegalemuja.com\/sq\/pronesia-intelektuale\/","og_site_name":"STUDIO LEGALE \u201cMUJA &amp; ASSOCIATI\u201d","article_modified_time":"2021-05-05T13:32:04+00:00","twitter_card":"summary_large_image","twitter_misc":{"Est. reading time":"1 minute"},"schema":{"@context":"https:\/\/schema.org","@graph":[{"@type":"WebPage","@id":"https:\/\/www.studiolegalemuja.com\/sq\/pronesia-intelektuale\/","url":"https:\/\/www.studiolegalemuja.com\/sq\/pronesia-intelektuale\/","name":"Pron\u00ebsia Intelektuale - STUDIO LEGALE \u201cMUJA &amp; ASSOCIATI\u201d","isPartOf":{"@id":"https:\/\/www.studiolegalemuja.com\/sq\/#website"},"datePublished":"2021-04-21T13:36:20+00:00","dateModified":"2021-05-05T13:32:04+00:00","breadcrumb":{"@id":"https:\/\/www.studiolegalemuja.com\/sq\/pronesia-intelektuale\/#breadcrumb"},"inLanguage":"en-US","potentialAction":[{"@type":"ReadAction","target":["https:\/\/www.studiolegalemuja.com\/sq\/pronesia-intelektuale\/"]}]},{"@type":"BreadcrumbList","@id":"https:\/\/www.studiolegalemuja.com\/sq\/pronesia-intelektuale\/#breadcrumb","itemListElement":[{"@type":"ListItem","position":1,"name":"Home","item":"https:\/\/www.studiolegalemuja.com\/sq\/"},{"@type":"ListItem","position":2,"name":"Pron\u00ebsia Intelektuale"}]},{"@type":"WebSite","@id":"https:\/\/www.studiolegalemuja.com\/sq\/#website","url":"https:\/\/www.studiolegalemuja.com\/sq\/","name":"STUDIO LEGALE \u201cMUJA &amp; ASSOCIATI\u201d","description":"STUDIO LEGALE \u201cMUJA &amp; ASSOCIATI\u201d","publisher":{"@id":"https:\/\/www.studiolegalemuja.com\/sq\/#organization"},"potentialAction":[{"@type":"SearchAction","target":{"@type":"EntryPoint","urlTemplate":"https:\/\/www.studiolegalemuja.com\/sq\/?s={search_term_string}"},"query-input":{"@type":"PropertyValueSpecification","valueRequired":true,"valueName":"search_term_string"}}],"inLanguage":"en-US"},{"@type":"Organization","@id":"https:\/\/www.studiolegalemuja.com\/sq\/#organization","name":"STUDIO LEGALE \u201cMUJA &amp; ASSOCIATI\u201d","url":"https:\/\/www.studiolegalemuja.com\/sq\/","logo":{"@type":"ImageObject","inLanguage":"en-US","@id":"https:\/\/www.studiolegalemuja.com\/sq\/#\/schema\/logo\/image\/","url":"https:\/\/www.studiolegalemuja.com\/sq\/wp-content\/uploads\/sites\/4\/2021\/04\/cropped-mujaandassociati-logo.png","contentUrl":"https:\/\/www.studiolegalemuja.com\/sq\/wp-content\/uploads\/sites\/4\/2021\/04\/cropped-mujaandassociati-logo.png","width":271,"height":250,"caption":"STUDIO LEGALE \u201cMUJA &amp; ASSOCIATI\u201d"},"image":{"@id":"https:\/\/www.studiolegalemuja.com\/sq\/#\/schema\/logo\/image\/"}}]}},"_links":{"self":[{"href":"https:\/\/www.studiolegalemuja.com\/sq\/wp-json\/wp\/v2\/pages\/551","targetHints":{"allow":["GET"]}}],"collection":[{"href":"https:\/\/www.studiolegalemuja.com\/sq\/wp-json\/wp\/v2\/pages"}],"about":[{"href":"https:\/\/www.studiolegalemuja.com\/sq\/wp-json\/wp\/v2\/types\/page"}],"author":[{"embeddable":true,"href":"https:\/\/www.studiolegalemuja.com\/sq\/wp-json\/wp\/v2\/users\/1"}],"replies":[{"embeddable":true,"href":"https:\/\/www.studiolegalemuja.com\/sq\/wp-json\/wp\/v2\/comments?post=551"}],"version-history":[{"count":22,"href":"https:\/\/www.studiolegalemuja.com\/sq\/wp-json\/wp\/v2\/pages\/551\/revisions"}],"predecessor-version":[{"id":900,"href":"https:\/\/www.studiolegalemuja.com\/sq\/wp-json\/wp\/v2\/pages\/551\/revisions\/900"}],"wp:attachment":[{"href":"https:\/\/www.studiolegalemuja.com\/sq\/wp-json\/wp\/v2\/media?parent=551"}],"curies":[{"name":"wp","href":"https:\/\/api.w.org\/{rel}","templated":true}]}}